{"id":1446,"date":"2024-09-07T07:59:49","date_gmt":"2024-09-07T07:59:49","guid":{"rendered":"https:\/\/www.retresco.de\/en\/compliance\/"},"modified":"2025-10-15T11:34:37","modified_gmt":"2025-10-15T11:34:37","slug":"compliance","status":"publish","type":"page","link":"https:\/\/www.retresco.de\/en\/compliance\/","title":{"rendered":"Data Protection"},"content":{"rendered":"<p>Retresco ist eine Tochtergesellschaft von <a class=\"normal-link\" href=\"https:\/\/www.intermedia-venture.de\/\" target=\"_blank\" rel=\"noopener\">Intermedia<\/a>.<\/p>\n<p>Grundsatzerkl\u00e4rung der <a class=\"normal-link\" href=\"https:\/\/www.medien-union.de\/\" target=\"_blank\" rel=\"noopener\">Medien Union GmbH Ludwigshafen<\/a><\/p>\n<p>Unser Wirtschaften steht im Einklang mit der Verantwortung f\u00fcr Menschen und Umwelt!<\/p>\n<p>Die Medien Union GmbH Ludwigshafen, sowie ihre Schwester,- Tochter- und Enkelgesellschaften bekennen sich uneingeschr\u00e4nkt zur Achtung der international anerkannten Menschenrechte.<\/p>\n<p>Dieses Bekenntnis schlie\u00dft die unternehmerische Verpflichtung mit ein, auch in der eigenen Liefer- und Wertsch\u00f6pfungskette Menschenrechtsverletzungen vorzubeugen. Die Achtung der Menschenrechte wird von der \u00dcberzeugung getragen, dass Respekt, Fairness, Vertrauen und R\u00fccksichtnahme auf Schw\u00e4chere wichtig sind f\u00fcr eine verantwortliche Unternehmensf\u00fchrung. Diese Werteorientierungen schlie\u00dfen auch das Einstehen f\u00fcr Demokratie, Toleranz und Chancengleichheit mit ein.<\/p>\n<p>Im Rahmen ihrer M\u00f6glichkeiten wird sich die Medien Union innerhalb der Firmen-Gruppe sowie bei Gesch\u00e4ftspartnern daf\u00fcr einsetzen, dass Menschenrechte geachtet und menschenrechtliche Sorgfaltspflichten umfassend wahrgenommen werden.<\/p>\n<p class=\"h2\"><a class=\"normal-link\" href=\"https:\/\/www.medien-union.de\/compliance\/\" target=\"_blank\" rel=\"noopener\">Compliance<\/a><\/p>\n","protected":false},"excerpt":{"rendered":"<p>Retresco ist eine Tochtergesellschaft von Intermedia. Grundsatzerkl\u00e4rung der Medien Union GmbH Ludwigshafen Unser Wirtschaften steht im Einklang mit der Verantwortung f\u00fcr Menschen und Umwelt! Die Medien Union GmbH Ludwigshafen, sowie ihre Schwester,- Tochter- und Enkelgesellschaften [&hellip;]<\/p>\n","protected":false},"author":1,"featured_media":0,"parent":0,"menu_order":0,"comment_status":"closed","ping_status":"closed","template":"templates\/simple-text.php","meta":{"_acf_changed":false,"footnotes":""},"class_list":["post-1446","page","type-page","status-publish","hentry"],"acf":[],"_links":{"self":[{"href":"https:\/\/www.retresco.de\/en\/wp-json\/wp\/v2\/pages\/1446","targetHints":{"allow":["GET"]}}],"collection":[{"href":"https:\/\/www.retresco.de\/en\/wp-json\/wp\/v2\/pages"}],"about":[{"href":"https:\/\/www.retresco.de\/en\/wp-json\/wp\/v2\/types\/page"}],"author":[{"embeddable":true,"href":"https:\/\/www.retresco.de\/en\/wp-json\/wp\/v2\/users\/1"}],"replies":[{"embeddable":true,"href":"https:\/\/www.retresco.de\/en\/wp-json\/wp\/v2\/comments?post=1446"}],"version-history":[{"count":4,"href":"https:\/\/www.retresco.de\/en\/wp-json\/wp\/v2\/pages\/1446\/revisions"}],"predecessor-version":[{"id":4080,"href":"https:\/\/www.retresco.de\/en\/wp-json\/wp\/v2\/pages\/1446\/revisions\/4080"}],"wp:attachment":[{"href":"https:\/\/www.retresco.de\/en\/wp-json\/wp\/v2\/media?parent=1446"}],"curies":[{"name":"wp","href":"https:\/\/api.w.org\/{rel}","templated":true}]}}